{"id":33900,"date":"2018-06-09T14:37:40","date_gmt":"2018-06-09T12:37:40","guid":{"rendered":"http:\/\/www.piuomenopop.it\/?page_id=33900"},"modified":"2018-06-09T14:37:40","modified_gmt":"2018-06-09T12:37:40","slug":"privacy-policy","status":"publish","type":"page","link":"https:\/\/www.piuomenopop.it\/index.php\/privacy-policy\/","title":{"rendered":"Privacy Policy"},"content":{"rendered":"<h2>Chi siamo<\/h2>\n<p>L&#8217;indirizzo del nostro sito web \u00e8: http:\/\/www.piuomenopop.it.<\/p>\n<h2>Quali dati personali raccogliamo e perch\u00e9 li raccogliamo<\/h2>\n<h3>Commenti<\/h3>\n<p>Questo sito non permette il commento agli articoli.<\/p>\n<h3>Modulo di contatto<\/h3>\n<p>Il modulo contatti pu\u00f2 richiedere l\u2019email dell\u2019utente ai soli fini della risposta alla problematica per cui si \u00e8 contattati e non conservato in alcun modo.<\/p>\n<h3>Cookie<\/h3>\n<p><em><strong>USO DEI COOKIE<\/strong><\/em><br \/>\n<strong>piuomenopop.it<\/strong>\u00a0o il \u201cSito\u201d utilizza i Cookie per rendere i propri servizi semplici e efficienti per l\u2019utenza che visiona le pagine dello stesso.\u00a0Gli utenti che visionano il Sito, vedranno inserite delle quantit\u00e0 minime di informazioni nei dispositivi in uso, che siano computer e periferiche mobili, in piccoli file di testo denominati \u201ccookie\u201d salvati nelle directory utilizzate dal browser web dell\u2019Utente.\u00a0Vi sono vari tipi di cookie, alcuni per rendere pi\u00f9 efficace l\u2019uso del Sito, altri per abilitare determinate funzionalit\u00e0.<\/p>\n<p>Analizzandoli in maniera particolareggiata i nostri cookie permettono di:<\/p>\n<p>\u2022 memorizzare le preferenze inserite<br \/>\n\u2022 analizzare l\u2019utilizzo dei servizi e dei contenuti forniti da piuomenopop.it per ottimizzarne l\u2019esperienza di navigazione e i servizi offerti<\/p>\n<p><strong><em>TIPOLOGIE DI COOKIE UTILIZZATI DAL SITO<\/em><\/strong><br \/>\nA seguire i vari tipi di cookie utilizzati da in funzione delle finalit\u00e0 d\u2019uso.<\/p>\n<p><em><strong>Cookie Tecnici<\/strong><\/em><br \/>\nQuesta tipologia di cookie permette il corretto funzionamento di alcune sezioni del Sito. Sono di due categorie; persistenti e di sessione:<\/p>\n<p>\u2022\u00a0<em>persistenti<\/em>: una volta chiuso il browser non vengono distrutti ma rimangono fino ad una data di scadenza preimpostata<br \/>\n\u2022\u00a0<em>di sessione<\/em>: vengono distrutti ogni volta che il browser viene chiuso Questi cookie, inviati sempre dal nostro dominio, sono necessari a visualizzare correttamente il sito e in relazione ai servizi tecnici offerti, verranno quindi sempre utilizzati e inviati, a meno che l\u2019utenza non modifichi le impostazioni nel proprio browser (inficiando cos\u00ec la visualizzazione delle pagine del sito).<\/p>\n<p><strong><em>Cookie Analitici<\/em><\/strong><br \/>\nI cookie in questa categoria vengono utilizzati per collezionare informazioni sull\u2019uso del Sito. Il Sito\u00a0user\u00e0 queste informazioni in merito ad analisi statistiche anonime al fine di migliorare l\u2019utilizzo e per rendere i contenuti pi\u00f9 interessanti e attinenti ai desideri dell\u2019utenza. Questa tipologia di cookie raccoglie dati in forma anonima sull\u2019attivit\u00e0 dell\u2019utenza e su come \u00e8 arrivata sul Sito. I cookie analitici sono inviati dal Sito stesso o da domini di terze parti.<\/p>\n<p>Puoi disattivare i cookie analitici da qui:\u00a0You have opted out of Google Analytics tracking<\/p>\n<p><em><strong>Cookie di Profilazione<\/strong><\/em><br \/>\nSono quei cookie necessari a creare profili utenti al fine di inviare messaggi pubblicitari in linea con le preferenze manifestate dall\u2019utente all\u2019interno delle pagine del Sito.<\/p>\n<p><strong>piuomenopop.it<\/strong>, utilizza esclusivamenter i cookie tecnici e di analytics, in quanto necessari a fornire i servizi richiesti.<\/p>\n<h3>Analytics<\/h3>\n<p>Puoi disattivare i cookie analitici da qui<\/p>\n<p><em><strong>Siti Web e servizi di terze parti<\/strong><\/em><\/p>\n<p>Il Sito potrebbe contenere collegamenti ad altri siti Web che dispongono di una propria informativa sulla privacy che pu\u00f2 essere diversa da quella adottata da piuomenopop.it e che quindi non risponde di questi siti.<\/p>\n<p>Il sito\u00a0<strong>piuomenopop.it<\/strong>\u00a0usa cookie tecnici necessari al funzionamento del sito, e cookie analytics necessari per il servizio di terze parti: Google Analytics.<br \/>\nPuoi disattivare i cookie analitici da qui:\u00a0<a id=\"analytics_opt_out_link\"><\/a>Click here to disable Google Analytics tracking cookies<\/p>\n<p><em><strong>COME DISABILITARE I COOKIE MEDIANTE CONFIGURAZIONE DEL BROWSER<\/strong><\/em><\/p>\n<p><strong>Chrome<\/strong><br \/>\nEseguire il Browser Chrome<br \/>\nFare click sul men\u00f9 Chrome impostazioni presente nella barra degli strumenti del browser a fianco della finestra di inserimento url per la navigazione<br \/>\nSelezionare Impostazioni<br \/>\nFare click su Mostra Impostazioni Avanzate<br \/>\nNella sezione \u201cPrivacy\u201d fare click su bottone \u201cImpostazioni contenuti\u201c<br \/>\nNella sezione \u201cCookie\u201d \u00e8 possibile modificare le seguenti impostazioni relative ai cookie:<br \/>\nConsentire il salvataggio dei dati in locale<br \/>\nModificare i dati locali solo fino alla chiusura del browser<br \/>\nImpedire ai siti di impostare i cookie<br \/>\nBloccare i cookie di terze parti e i dati dei siti<br \/>\nGestire le eccezioni per alcuni siti internet<br \/>\nEliminazione di uno o tutti i cookie<br \/>\nPer maggiori informazioni visita la pagina dedicata.<\/p>\n<p><strong>Mozilla Firefox<\/strong><br \/>\nEseguire il Browser Mozilla Firefox<br \/>\nFare click sul men\u00f9 Firefox impostazioni presente nella barra degli strumenti del browser a fianco della finestra di inserimento url per la navigazione<br \/>\nSelezionare Opzioni<br \/>\nSelezionare il pannello Privacy<br \/>\nFare click su Mostra Impostazioni Avanzate<br \/>\nNella sezione \u201cPrivacy\u201d fare clic su bottone \u201cImpostazioni contenuti\u201c<br \/>\nNella sezione \u201cTracciamento\u201d \u00e8 possibile modificare le seguenti impostazioni relative ai cookie:<br \/>\nRichiedi ai siti di non effettuare alcun tracciamento<br \/>\nComunica ai siti la disponibilit\u00e0 ad essere tracciato<br \/>\nNon comunicare alcuna preferenza relativa al tracciamento dei dati personali<br \/>\nDalla sezione \u201cCronologia\u201d \u00e8 possibile:<br \/>\nAbilitando \u201cUtilizza impostazioni personalizzate\u201d selezionare di accettare i cookie di terze parti (sempre, dai siti pi\u00f9 visitati o mai) e di conservarli per un periodo determinato (fino alla loro scadenza, alla chiusura di Firefox o di chiedere ogni volta)<br \/>\nRimuovere i singoli cookie immagazzinati<br \/>\nPer maggiori informazioni visita la pagina dedicata.<\/p>\n<p><strong>Internet Explorer<\/strong><br \/>\nEseguire il Browser Internet Explorer<br \/>\nFare click sul pulsante Strumenti e scegliere Opzioni Internet<br \/>\nFare click sulla scheda Privacy e nella sezione Impostazioni modificare il dispositivo di scorrimento in funzione dell\u2019azione desiderata per i cookie:<br \/>\nBloccare tutti i cookie<br \/>\nConsentire tutti i cookie<br \/>\nSelezione dei siti da cui ottenere cookie: spostare il cursore in una posizione intermedia in modo da non bloccare o consentire tutti i cookie, premere quindi su Siti, nella casella Indirizzo Sito Web inserire un sito internet e quindi premere su Blocca o Consenti<br \/>\nPer maggiori informazioni visita la pagina dedicata.<\/p>\n<p><strong>Safari<\/strong><br \/>\nEseguire il Browser Safari<br \/>\nFare click su Safari, selezionare Preferenze e premere su Privacy<br \/>\nNella sezione Blocca Cookie specificare come Safari deve accettare i cookie dai siti internet.<br \/>\nPer visionare quali siti hanno immagazzinato i cookie cliccare su Dettagli<br \/>\nPer maggiori informazioni visita la pagina dedicata.<\/p>\n<p><strong>Safari iOS (dispositivi mobili)<\/strong><br \/>\nEseguire il Browser Safari iOS<br \/>\nTocca su Impostazioni e poi Safari<br \/>\nTocca su Blocca Cookie e scegli tra le varie opzioni: \u201cMai\u201d, \u201cDi terze parti e inserzionisti\u201d o \u201cSempre\u201d<br \/>\nPer cancellare tutti i cookie immagazzinati da Safari, tocca su Impostazioni, poi su Safari e infine su Cancella Cookie e dati<br \/>\nPer maggiori informazioni visita la pagina dedicata.<\/p>\n<p><strong>Opera<\/strong><br \/>\nEseguire il Browser Opera<br \/>\nFare click su Preferenze poi su Avanzate e infine su Cookie<br \/>\nSelezionare una delle seguenti opzioni:<br \/>\nAccetta tutti i cookie<br \/>\nAccetta i cookie solo dal sito che si visita: i cookie di terze parti e che vengono inviati da un dominio diverso da quello che si sta visitando verranno rifiutati<br \/>\nNon accettare mai i cookie: tutti i cookie non verranno mai salvati<br \/>\nPer maggiori informazioni visita la pagina dedicata.<\/p>\n<p><em><strong>COME DISABILITARE I COOKIE DI SERVIZI DI TERZI<\/strong><\/em><br \/>\n<a href=\"https:\/\/www.google.it\/?gws_rd=ssl\" target=\"_blank\" rel=\"noopener\">Servizi di Google<\/a><br \/>\n<a href=\"https:\/\/www.facebook.com\/\" target=\"_blank\" rel=\"noopener\">Facebook<\/a><br \/>\n<a href=\"https:\/\/twitter.com\/\" target=\"_blank\" rel=\"noopener\">Twitter<\/a><\/p>\n<p>Questa pagina \u00e8 visibile, mediante link in calce in tutte le pagine del Sito ai sensi dell\u2019art. 122 secondo comma del D.lgs. 196\/2003 e a seguito delle modalit\u00e0 semplificate per l\u2019informativa e l\u2019acquisizione del consenso per l\u2019uso dei cookie pubblicata sulla Gazzetta Ufficiale n.126 del 3 giugno 2014 e relativo registro dei provvedimenti n.229 dell\u20198 maggio 2014.<\/p>\n<h2>Con chi condividiamo i tuoi dati<\/h2>\n<p>piuomeopop.it non condivide alcun dato personale con nessuno.<\/p>\n<h2>Per quanto tempo conserviamo i tuoi dati<\/h2>\n<p>i dati dei moduli contatti vengono rimossi non appena inviata la mail di risposta al quesito posto.<\/p>\n<p>I dati anonimizzati di Google Analytics vengono conservati per\u00a0\u00a0\u00a0 mesi<\/p>\n<h2>Quali diritti hai sui tuoi dati<\/h2>\n<p>Questo sito non richiede o conserva dati personali.<\/p>\n<h2>Dove spediamo i tuoi dati<\/h2>\n<p>I commenti dei visitatori possono essere controllati attraverso un servizio di rilevamento automatico dello spam.<\/p>\n<h3>Come proteggiamo i tuoi dati<\/h3>\n<p>Questo sito non richiede o conserva dati personali.<\/p>\n<h3>Quali procedure abbiamo predisposto per prevenire la violazione dei dati<\/h3>\n<p>Questo sito non richiede o conserva dati personali.<\/p>\n<h3>Da quali terze parti riceviamo dati<\/h3>\n<p>Questo sito non riceve dati da terze parti<\/p>\n<h3>Quale processo decisionale automatizzato e\/o profilazione facciamo con i dati dell&#8217;utente<\/h3>\n<p>Nessuno<\/p>\n<h3>VECCHIA PRIVACY POLICY<\/h3>\n<p>Gentile utente, con specifico riferimento al sito\u00a0<strong>www.piuomenopop.it<\/strong>, Le precisiamo che la maggior parte delle sue pagine e\/o i contenuti sono accessibili al visitatore senza che sia necessaria la sua identificazione per la consultazione.<br \/>\nPotremmo venire a conoscenza dei vostri dati personali qualora decidiate di trasmetterceli inviandoci messaggi di posta elettronica. Desideriamo informarLa che i Suoi dati personali \u2013 raccolti tramite il nostro sito web\u00a0<strong>www.piuomenopop.it<\/strong>\u00a0e\/o in caso di invio di messaggi di posta elettronica, saranno utilizzati da parte nostra, nel pieno rispetto dei principi fondamentali dettati dal decreto legislativo n. 196 del 30 giugno 2003 Codice in materia di protezione dei dati personali.<\/p>\n<p><em><strong>Operazioni di trattamento dei dati personali e relativa finalit\u00e0.<\/strong><\/em><\/p>\n<p>Desideriamo informarLa che i Suoi dati personali verranno trattati per le seguenti finalit\u00e0:<br \/>\na) attivit\u00e0 necessarie alla predisposizione e organizzazione dell\u2019invio della newsletter;<br \/>\nb) adempimento di obblighi imposti da leggi o regolamenti.<\/p>\n<p><em><strong>Libert\u00e0 di rilasciare il consenso e conseguenze di un rifiuto.<\/strong><\/em><\/p>\n<p>Il conferimento del consenso al trattamento dei dati personali \u00e8 necessario. Il rifiuto a rilasciare il consenso non comporta conseguenza alcuna; non ci sar\u00e0 possibile tuttavia erogarLe i servizi indicati al punto precedente. Per il perseguimento delle finalit\u00e0 sopra indicate i Suoi dati personali sono comunicati, trasmessi, o quanto meno tecnicamente elaborati anche da terzi soggetti, nostri collaboratori. I Suoi dati personali potranno altres\u00ec essere trasmessi all\u2019Autorit\u00e0 Giudiziaria, Enti di vigilanza e controllo qualora ci\u00f2 sia previsto da leggi o regolamenti oppure venga richiesto in forza di legittimi provvedimenti. In ogni caso i Suoi dati personali non saranno diffusi.<\/p>\n<p><em><strong>Diritti di cui all\u2019Art. 7 del D.Lgs. 196\/03<\/strong><\/em><\/p>\n<p>Le ricordiamo che l\u2019art. 7 del Codice Privacy Le riconosce alcuni diritti, tra i quali il diritto di ottenere la conferma circa l\u2019esistenza o meno dei dati stessi e di conoscerne il contenuto e l\u2019origine, verificarne l\u2019esattezza o chiederne l\u2019integrazione o l\u2019aggiornamento, la rettificazione o la cancellazione per violazione di legge. Potr\u00e0 far valere tali diritti in qualunque momento o modificare i dati forniti inviando una mail all\u2019indirizzo info@piuomenopop.it.<\/p>\n","protected":false},"excerpt":{"rendered":"<div class=\"mh-excerpt\"><p>Chi siamo L&#8217;indirizzo del nostro sito web \u00e8: http:\/\/www.piuomenopop.it. Quali dati personali raccogliamo e perch\u00e9 li raccogliamo Commenti Questo sito non permette il commento agli <a class=\"mh-excerpt-more\" href=\"https:\/\/www.piuomenopop.it\/index.php\/privacy-policy\/\" title=\"Privacy Policy\">[&#8230;]<\/a><\/p>\n<\/div>","protected":false},"author":2,"featured_media":0,"parent":0,"menu_order":0,"comment_status":"closed","ping_status":"closed","template":"","meta":{"sfsi_plus_gutenberg_text_before_share":"","sfsi_plus_gutenberg_show_text_before_share":"","sfsi_plus_gutenberg_icon_type":"","sfsi_plus_gutenberg_icon_alignemt":"","sfsi_plus_gutenburg_max_per_row":"","footnotes":"","_links_to":"","_links_to_target":""},"class_list":["post-33900","page","type-page","status-publish","hentry"],"aioseo_notices":[],"_links":{"self":[{"href":"https:\/\/www.piuomenopop.it\/index.php\/wp-json\/wp\/v2\/pages\/33900","targetHints":{"allow":["GET"]}}],"collection":[{"href":"https:\/\/www.piuomenopop.it\/index.php\/wp-json\/wp\/v2\/pages"}],"about":[{"href":"https:\/\/www.piuomenopop.it\/index.php\/wp-json\/wp\/v2\/types\/page"}],"author":[{"embeddable":true,"href":"https:\/\/www.piuomenopop.it\/index.php\/wp-json\/wp\/v2\/users\/2"}],"replies":[{"embeddable":true,"href":"https:\/\/www.piuomenopop.it\/index.php\/wp-json\/wp\/v2\/comments?post=33900"}],"version-history":[{"count":1,"href":"https:\/\/www.piuomenopop.it\/index.php\/wp-json\/wp\/v2\/pages\/33900\/revisions"}],"predecessor-version":[{"id":33901,"href":"https:\/\/www.piuomenopop.it\/index.php\/wp-json\/wp\/v2\/pages\/33900\/revisions\/33901"}],"wp:attachment":[{"href":"https:\/\/www.piuomenopop.it\/index.php\/wp-json\/wp\/v2\/media?parent=33900"}],"curies":[{"name":"wp","href":"https:\/\/api.w.org\/{rel}","templated":true}]}}